{"id":2161,"date":"2026-02-23T02:13:29","date_gmt":"2026-02-23T02:13:29","guid":{"rendered":"https:\/\/coleshop.com.br\/about\/"},"modified":"2026-03-19T07:15:56","modified_gmt":"2026-03-19T07:15:56","slug":"about","status":"publish","type":"page","link":"https:\/\/coleshop.com.br\/?page_id=2161","title":{"rendered":"Sobre N\u00f3s"},"content":{"rendered":"\n<div class=\"wp-block-uagb-container uagb-block-f90b5c01 default uagb-is-root-container\">\n<div class=\"wp-block-uagb-advanced-heading uagb-block-a2c96383\"><h1 class=\"uagb-heading-text\">Sobre N\u00f3s<\/h1><p class=\"uagb-desc-text\"><strong>De Colecionadores para Colecionadores<\/strong><\/p><\/div>\n<\/div>\n\n\n\n<div class=\"wp-block-uagb-container uagb-layout-grid uagb-block-96cc2b14 alignfull uagb-is-root-container\"><div class=\"uagb-container-inner-blocks-wrap\">\n<div class=\"wp-block-uagb-advanced-heading uagb-block-a3e4e806\"><h2 class=\"uagb-heading-text\">Somos a sua loja online favorita.<\/h2><p class=\"uagb-desc-text\">Na <strong>COLESHOP<\/strong>, n\u00e3o apenas vendemos cartas; n\u00f3s vivemos a emo\u00e7\u00e3o do <em>pull<\/em> lend\u00e1rio. Somos especialistas apaixonados por Pok\u00e9mon TCG, focados em trazer para o Brasil os lan\u00e7amentos mais \u00e9picos.<\/p><\/div>\n\n\n\n<p class=\"has-ast-global-color-5-color has-text-color has-link-color has-medium-font-size wp-elements-470b448a399ec0c56c3b91eaa453b32e\">Nossa miss\u00e3o \u00e9 garantir que cada booster box e cada carta avulsa chegue \u00e0s suas m\u00e3os com a integridade que um colecionador exige. Operamos com transpar\u00eancia total e o cuidado de quem sabe que, para n\u00f3s, colecionar \u00e9 um investimento e uma paix\u00e3o.<\/p>\n<\/div><\/div>\n\n\n\n<p><\/p>\n","protected":false},"excerpt":{"rendered":"<p>Sobre N\u00f3s De Colecionadores para Colecionadores Somos a sua loja online favorita. Na COLESHOP, n\u00e3o apenas vendemos cartas; n\u00f3s vivemos a emo\u00e7\u00e3o do pull lend\u00e1rio. Somos especialistas apaixonados por Pok\u00e9mon TCG, focados em trazer para o Brasil os lan\u00e7amentos mais \u00e9picos. Nossa miss\u00e3o \u00e9 garantir que cada booster box e cada carta avulsa chegue \u00e0s [&hellip;]<\/p>\n","protected":false},"author":1,"featured_media":0,"parent":0,"menu_order":0,"comment_status":"closed","ping_status":"closed","template":"","meta":{"_uag_custom_page_level_css":"","_monsterinsights_skip_tracking":false,"_monsterinsights_sitenote_active":false,"_monsterinsights_sitenote_note":"","_monsterinsights_sitenote_category":0,"site-sidebar-layout":"no-sidebar","site-content-layout":"plain-container","ast-site-content-layout":"full-width-container","site-content-style":"unboxed","site-sidebar-style":"unboxed","ast-global-header-display":"","ast-banner-title-visibility":"","ast-main-header-display":"","ast-hfb-above-header-display":"","ast-hfb-below-header-display":"","ast-hfb-mobile-header-display":"","site-post-title":"disabled","ast-breadcrumbs-content":"","ast-featured-img":"disabled","footer-sml-layout":"","ast-disable-related-posts":"","theme-transparent-header-meta":"enabled","adv-header-id-meta":"","stick-header-meta":"","header-above-stick-meta":"","header-main-stick-meta":"","header-below-stick-meta":"","astra-migrate-meta-layouts":"set","ast-page-background-enabled":"default","ast-page-background-meta":{"desktop":{"background-color":"","background-image":"","background-repeat":"repeat","background-position":"center center","background-size":"auto","background-attachment":"scroll","background-type":"","background-media":"","overlay-type":"","overlay-color":"","overlay-opacity":"","overlay-gradient":""},"tablet":{"background-color":"","background-image":"","background-repeat":"repeat","background-position":"center center","background-size":"auto","background-attachment":"scroll","background-type":"","background-media":"","overlay-type":"","overlay-color":"","overlay-opacity":"","overlay-gradient":""},"mobile":{"background-color":"","background-image":"","background-repeat":"repeat","background-position":"center center","background-size":"auto","background-attachment":"scroll","background-type":"","background-media":"","overlay-type":"","overlay-color":"","overlay-opacity":"","overlay-gradient":""}},"ast-content-background-meta":{"desktop":{"background-color":"var(--ast-global-color-5)","background-image":"","background-repeat":"repeat","background-position":"center center","background-size":"auto","background-attachment":"scroll","background-type":"","background-media":"","overlay-type":"","overlay-color":"","overlay-opacity":"","overlay-gradient":""},"tablet":{"background-color":"var(--ast-global-color-5)","background-image":"","background-repeat":"repeat","background-position":"center center","background-size":"auto","background-attachment":"scroll","background-type":"","background-media":"","overlay-type":"","overlay-color":"","overlay-opacity":"","overlay-gradient":""},"mobile":{"background-color":"var(--ast-global-color-5)","background-image":"","background-repeat":"repeat","background-position":"center center","background-size":"auto","background-attachment":"scroll","background-type":"","background-media":"","overlay-type":"","overlay-color":"","overlay-opacity":"","overlay-gradient":""}},"footnotes":""},"class_list":["post-2161","page","type-page","status-publish","hentry"],"aioseo_notices":[],"_hostinger_reach_plugin_has_subscription_block":false,"_hostinger_reach_plugin_is_elementor":false,"uagb_featured_image_src":{"full":false,"thumbnail":false,"medium":false,"medium_large":false,"large":false,"1536x1536":false,"2048x2048":false,"woocommerce_thumbnail":false,"woocommerce_single":false,"woocommerce_gallery_thumbnail":false},"uagb_author_info":{"display_name":"victor_catanzaro@yahoo.com.br","author_link":"https:\/\/coleshop.com.br\/?author=1"},"uagb_comment_info":0,"uagb_excerpt":"Sobre N\u00f3s De Colecionadores para Colecionadores Somos a sua loja online favorita. Na COLESHOP, n\u00e3o apenas vendemos cartas; n\u00f3s vivemos a emo\u00e7\u00e3o do pull lend\u00e1rio. Somos especialistas apaixonados por Pok\u00e9mon TCG, focados em trazer para o Brasil os lan\u00e7amentos mais \u00e9picos. Nossa miss\u00e3o \u00e9 garantir que cada booster box e cada carta avulsa chegue \u00e0s&hellip;","_links":{"self":[{"href":"https:\/\/coleshop.com.br\/index.php?rest_route=\/wp\/v2\/pages\/2161","targetHints":{"allow":["GET"]}}],"collection":[{"href":"https:\/\/coleshop.com.br\/index.php?rest_route=\/wp\/v2\/pages"}],"about":[{"href":"https:\/\/coleshop.com.br\/index.php?rest_route=\/wp\/v2\/types\/page"}],"author":[{"embeddable":true,"href":"https:\/\/coleshop.com.br\/index.php?rest_route=\/wp\/v2\/users\/1"}],"replies":[{"embeddable":true,"href":"https:\/\/coleshop.com.br\/index.php?rest_route=%2Fwp%2Fv2%2Fcomments&post=2161"}],"version-history":[{"count":7,"href":"https:\/\/coleshop.com.br\/index.php?rest_route=\/wp\/v2\/pages\/2161\/revisions"}],"predecessor-version":[{"id":4190,"href":"https:\/\/coleshop.com.br\/index.php?rest_route=\/wp\/v2\/pages\/2161\/revisions\/4190"}],"wp:attachment":[{"href":"https:\/\/coleshop.com.br\/index.php?rest_route=%2Fwp%2Fv2%2Fmedia&parent=2161"}],"curies":[{"name":"wp","href":"https:\/\/api.w.org\/{rel}","templated":true}]}}