{"id":3,"date":"2026-02-23T02:11:21","date_gmt":"2026-02-23T02:11:21","guid":{"rendered":"http:\/\/coleshop.com.br\/?page_id=3"},"modified":"2026-02-26T08:17:00","modified_gmt":"2026-02-26T08:17:00","slug":"termos-e-condicoes","status":"publish","type":"page","link":"https:\/\/coleshop.com.br\/?page_id=3","title":{"rendered":"Termos e Condi\u00e7\u00f5es"},"content":{"rendered":"\n<h2 class=\"wp-block-heading\">1. Envio e Prazos<\/h2>\n\n\n\n<p>Na <strong>Coleshop<\/strong>, priorizamos a agilidade para que sua cole\u00e7\u00e3o cres\u00e7a r\u00e1pido.<\/p>\n\n\n\n<ul class=\"wp-block-list\">\n<li><strong>Postagem Expressa:<\/strong> Realizamos o envio dos pedidos no mesmo dia ou, no m\u00e1ximo, nos dois dias \u00fateis seguintes \u00e0 confirma\u00e7\u00e3o do pagamento.<\/li>\n\n\n\n<li><strong>Rastreio:<\/strong> Assim que o produto for postado, voc\u00ea receber\u00e1 o c\u00f3digo de rastreamento por e-mail para acompanhar sua entrega.<\/li>\n<\/ul>\n\n\n\n<h2 class=\"wp-block-heading\">2. Trocas e Devolu\u00e7\u00f5es<\/h2>\n\n\n\n<p>Respeitamos o C\u00f3digo de Defesa do Consumidor e o seu direito como colecionador.<\/p>\n\n\n\n<p><strong>Defeitos:<\/strong> Caso o produto chegue com avarias na embalagem que comprometam o conte\u00fado, entre em contato conosco imediatamente.<\/p>\n\n\n\n<p><strong>Arrependimento:<\/strong> Voc\u00ea tem at\u00e9 7 dias corridos ap\u00f3s o recebimento para desistir da compra.<\/p>\n\n\n\n<p><strong>Condi\u00e7\u00e3o do Item:<\/strong> Para que a devolu\u00e7\u00e3o seja aceita, o produto deve estar <strong>lacrado e sem qualquer sinal de manuseio<\/strong>, preservando a integridade.<\/p>\n\n\n\n<h2 class=\"wp-block-heading\">3. Privacidade e Seguran\u00e7a (LGPD)<\/h2>\n\n\n\n<p>Sua seguran\u00e7a \u00e9 nossa prioridade ao coletar dados para processar sua compra.<\/p>\n\n\n\n<p><strong>Pagamentos:<\/strong> N\u00e3o armazenamos dados de cart\u00f5es de cr\u00e9dito. Todas as transa\u00e7\u00f5es s\u00e3o processadas por intermedi\u00e1rios de pagamento seguros.<\/p>\n\n\n\n<p><strong>Uso de Dados:<\/strong> Seus dados pessoais s\u00e3o utilizados apenas para a emiss\u00e3o de etiquetas de envio e suporte ao cliente.<\/p>\n\n\n\n<p><strong>Google Analytics:<\/strong> Utilizamos ferramentas do Google para entender o comportamento de navega\u00e7\u00e3o no site de forma an\u00f4nima, visando melhorar nossa loja.<\/p>\n","protected":false},"excerpt":{"rendered":"<p>1. Envio e Prazos Na Coleshop, priorizamos a agilidade para que sua cole\u00e7\u00e3o cres\u00e7a r\u00e1pido. 2. Trocas e Devolu\u00e7\u00f5es Respeitamos o C\u00f3digo de Defesa do Consumidor e o seu direito como colecionador. Defeitos: Caso o produto chegue com avarias na embalagem que comprometam o conte\u00fado, entre em contato conosco imediatamente. Arrependimento: Voc\u00ea tem at\u00e9 7 [&hellip;]<\/p>\n","protected":false},"author":1,"featured_media":0,"parent":0,"menu_order":0,"comment_status":"closed","ping_status":"closed","template":"","meta":{"_uag_custom_page_level_css":"","_monsterinsights_skip_tracking":false,"_monsterinsights_sitenote_active":false,"_monsterinsights_sitenote_note":"","_monsterinsights_sitenote_category":0,"site-sidebar-layout":"default","site-content-layout":"","ast-site-content-layout":"default","site-content-style":"default","site-sidebar-style":"default","ast-global-header-display":"","ast-banner-title-visibility":"","ast-main-header-display":"","ast-hfb-above-header-display":"","ast-hfb-below-header-display":"","ast-hfb-mobile-header-display":"","site-post-title":"","ast-breadcrumbs-content":"","ast-featured-img":"","footer-sml-layout":"","ast-disable-related-posts":"","theme-transparent-header-meta":"","adv-header-id-meta":"","stick-header-meta":"","header-above-stick-meta":"","header-main-stick-meta":"","header-below-stick-meta":"","astra-migrate-meta-layouts":"set","ast-page-background-enabled":"default","ast-page-background-meta":{"desktop":{"background-color":"","background-image":"","background-repeat":"repeat","background-position":"center center","background-size":"auto","background-attachment":"scroll","background-type":"","background-media":"","overlay-type":"","overlay-color":"","overlay-opacity":"","overlay-gradient":""},"tablet":{"background-color":"","background-image":"","background-repeat":"repeat","background-position":"center center","background-size":"auto","background-attachment":"scroll","background-type":"","background-media":"","overlay-type":"","overlay-color":"","overlay-opacity":"","overlay-gradient":""},"mobile":{"background-color":"","background-image":"","background-repeat":"repeat","background-position":"center center","background-size":"auto","background-attachment":"scroll","background-type":"","background-media":"","overlay-type":"","overlay-color":"","overlay-opacity":"","overlay-gradient":""}},"ast-content-background-meta":{"desktop":{"background-color":"var(--ast-global-color-5)","background-image":"","background-repeat":"repeat","background-position":"center center","background-size":"auto","background-attachment":"scroll","background-type":"","background-media":"","overlay-type":"","overlay-color":"","overlay-opacity":"","overlay-gradient":""},"tablet":{"background-color":"var(--ast-global-color-5)","background-image":"","background-repeat":"repeat","background-position":"center center","background-size":"auto","background-attachment":"scroll","background-type":"","background-media":"","overlay-type":"","overlay-color":"","overlay-opacity":"","overlay-gradient":""},"mobile":{"background-color":"var(--ast-global-color-5)","background-image":"","background-repeat":"repeat","background-position":"center center","background-size":"auto","background-attachment":"scroll","background-type":"","background-media":"","overlay-type":"","overlay-color":"","overlay-opacity":"","overlay-gradient":""}},"footnotes":""},"class_list":["post-3","page","type-page","status-publish","hentry"],"aioseo_notices":[],"_hostinger_reach_plugin_has_subscription_block":false,"_hostinger_reach_plugin_is_elementor":false,"uagb_featured_image_src":{"full":false,"thumbnail":false,"medium":false,"medium_large":false,"large":false,"1536x1536":false,"2048x2048":false,"woocommerce_thumbnail":false,"woocommerce_single":false,"woocommerce_gallery_thumbnail":false},"uagb_author_info":{"display_name":"victor_catanzaro@yahoo.com.br","author_link":"https:\/\/coleshop.com.br\/?author=1"},"uagb_comment_info":0,"uagb_excerpt":"1. Envio e Prazos Na Coleshop, priorizamos a agilidade para que sua cole\u00e7\u00e3o cres\u00e7a r\u00e1pido. 2. Trocas e Devolu\u00e7\u00f5es Respeitamos o C\u00f3digo de Defesa do Consumidor e o seu direito como colecionador. Defeitos: Caso o produto chegue com avarias na embalagem que comprometam o conte\u00fado, entre em contato conosco imediatamente. Arrependimento: Voc\u00ea tem at\u00e9 7&hellip;","_links":{"self":[{"href":"https:\/\/coleshop.com.br\/index.php?rest_route=\/wp\/v2\/pages\/3","targetHints":{"allow":["GET"]}}],"collection":[{"href":"https:\/\/coleshop.com.br\/index.php?rest_route=\/wp\/v2\/pages"}],"about":[{"href":"https:\/\/coleshop.com.br\/index.php?rest_route=\/wp\/v2\/types\/page"}],"author":[{"embeddable":true,"href":"https:\/\/coleshop.com.br\/index.php?rest_route=\/wp\/v2\/users\/1"}],"replies":[{"embeddable":true,"href":"https:\/\/coleshop.com.br\/index.php?rest_route=%2Fwp%2Fv2%2Fcomments&post=3"}],"version-history":[{"count":2,"href":"https:\/\/coleshop.com.br\/index.php?rest_route=\/wp\/v2\/pages\/3\/revisions"}],"predecessor-version":[{"id":3850,"href":"https:\/\/coleshop.com.br\/index.php?rest_route=\/wp\/v2\/pages\/3\/revisions\/3850"}],"wp:attachment":[{"href":"https:\/\/coleshop.com.br\/index.php?rest_route=%2Fwp%2Fv2%2Fmedia&parent=3"}],"curies":[{"name":"wp","href":"https:\/\/api.w.org\/{rel}","templated":true}]}}