{"id":3842,"date":"2026-02-26T07:13:17","date_gmt":"2026-02-26T07:13:17","guid":{"rendered":"https:\/\/coleshop.com.br\/?post_type=product&#038;p=3842"},"modified":"2026-04-04T07:51:32","modified_gmt":"2026-04-04T07:51:32","slug":"box-pokemon-mega-charizard-y","status":"publish","type":"product","link":"https:\/\/coleshop.com.br\/?product=box-pokemon-mega-charizard-y","title":{"rendered":"Box Pok\u00e9mon Mega Charizard Y"},"content":{"rendered":"<p>Escolha seu Charizard!<br \/>\nSob condi\u00e7\u00f5es certas, incluindo um forte v\u00ednculo com seu Treinador, Charizard pode superar seus pr\u00f3prios limites e Megaevoluir! Com essa cole\u00e7\u00e3o, voc\u00ea pode escolher entre as chamas azuis e devastadoras de Mega Charizard X ou a agilidade a\u00e9rea do Mega Charizard Y, e ainda encontrar mais Pok\u00e9mon nos v\u00e1rios pacotes de Booster.<\/p>\n<p>Cont\u00e9m 62 unidades de cartas no formato 63mm x 88mm<\/p>\n","protected":false},"excerpt":{"rendered":"<p>Mega Charizard Y<\/p>\n","protected":false},"featured_media":3955,"comment_status":"open","ping_status":"closed","template":"","meta":{"_uag_custom_page_level_css":"","_monsterinsights_skip_tracking":false,"_monsterinsights_sitenote_active":false,"_monsterinsights_sitenote_note":"","_monsterinsights_sitenote_category":0,"site-sidebar-layout":"default","site-content-layout":"","ast-site-content-layout":"default","site-content-style":"default","site-sidebar-style":"default","ast-global-header-display":"","ast-banner-title-visibility":"","ast-main-header-display":"","ast-hfb-above-header-display":"","ast-hfb-below-header-display":"","ast-hfb-mobile-header-display":"","site-post-title":"","ast-breadcrumbs-content":"","ast-featured-img":"","footer-sml-layout":"","ast-disable-related-posts":"","theme-transparent-header-meta":"default","adv-header-id-meta":"","stick-header-meta":"","header-above-stick-meta":"","header-main-stick-meta":"","header-below-stick-meta":"","astra-migrate-meta-layouts":"set","ast-page-background-enabled":"default","ast-page-background-meta":{"desktop":{"background-color":"","background-image":"","background-repeat":"repeat","background-position":"center center","background-size":"auto","background-attachment":"scroll","background-type":"","background-media":"","overlay-type":"","overlay-color":"","overlay-opacity":"","overlay-gradient":""},"tablet":{"background-color":"","background-image":"","background-repeat":"repeat","background-position":"center center","background-size":"auto","background-attachment":"scroll","background-type":"","background-media":"","overlay-type":"","overlay-color":"","overlay-opacity":"","overlay-gradient":""},"mobile":{"background-color":"","background-image":"","background-repeat":"repeat","background-position":"center center","background-size":"auto","background-attachment":"scroll","background-type":"","background-media":"","overlay-type":"","overlay-color":"","overlay-opacity":"","overlay-gradient":""}},"ast-content-background-meta":{"desktop":{"background-color":"var(--ast-global-color-5)","background-image":"","background-repeat":"repeat","background-position":"center center","background-size":"auto","background-attachment":"scroll","background-type":"","background-media":"","overlay-type":"","overlay-color":"","overlay-opacity":"","overlay-gradient":""},"tablet":{"background-color":"var(--ast-global-color-5)","background-image":"","background-repeat":"repeat","background-position":"center center","background-size":"auto","background-attachment":"scroll","background-type":"","background-media":"","overlay-type":"","overlay-color":"","overlay-opacity":"","overlay-gradient":""},"mobile":{"background-color":"var(--ast-global-color-5)","background-image":"","background-repeat":"repeat","background-position":"center center","background-size":"auto","background-attachment":"scroll","background-type":"","background-media":"","overlay-type":"","overlay-color":"","overlay-opacity":"","overlay-gradient":""}}},"product_brand":[34],"product_cat":[25,27,15,22],"product_tag":[],"class_list":{"0":"post-3842","1":"product","2":"type-product","3":"status-publish","4":"has-post-thumbnail","6":"product_brand-copag","7":"product_cat-blisters","8":"product_cat-box-colecao","9":"product_cat-novidades","10":"product_cat-pokemon","11":"desktop-align-left","12":"tablet-align-left","13":"mobile-align-left","15":"first","16":"instock","17":"shipping-taxable","18":"purchasable","19":"product-type-simple"},"aioseo_notices":[],"uagb_featured_image_src":{"full":["https:\/\/coleshop.com.br\/wp-content\/uploads\/2026\/02\/D_NQ_NP_2X_692075-MLB107245504079_022026-F.webp",1200,1200,false],"thumbnail":["https:\/\/coleshop.com.br\/wp-content\/uploads\/2026\/02\/D_NQ_NP_2X_692075-MLB107245504079_022026-F-150x150.webp",150,150,true],"medium":["https:\/\/coleshop.com.br\/wp-content\/uploads\/2026\/02\/D_NQ_NP_2X_692075-MLB107245504079_022026-F-300x300.webp",300,300,true],"medium_large":["https:\/\/coleshop.com.br\/wp-content\/uploads\/2026\/02\/D_NQ_NP_2X_692075-MLB107245504079_022026-F-768x768.webp",768,768,true],"large":["https:\/\/coleshop.com.br\/wp-content\/uploads\/2026\/02\/D_NQ_NP_2X_692075-MLB107245504079_022026-F-1024x1024.webp",1024,1024,true],"1536x1536":["https:\/\/coleshop.com.br\/wp-content\/uploads\/2026\/02\/D_NQ_NP_2X_692075-MLB107245504079_022026-F.webp",1200,1200,false],"2048x2048":["https:\/\/coleshop.com.br\/wp-content\/uploads\/2026\/02\/D_NQ_NP_2X_692075-MLB107245504079_022026-F.webp",1200,1200,false],"woocommerce_thumbnail":["https:\/\/coleshop.com.br\/wp-content\/uploads\/2026\/02\/D_NQ_NP_2X_692075-MLB107245504079_022026-F-300x300.webp",300,300,true],"woocommerce_single":["https:\/\/coleshop.com.br\/wp-content\/uploads\/2026\/02\/D_NQ_NP_2X_692075-MLB107245504079_022026-F-600x600.webp",600,600,true],"woocommerce_gallery_thumbnail":["https:\/\/coleshop.com.br\/wp-content\/uploads\/2026\/02\/D_NQ_NP_2X_692075-MLB107245504079_022026-F-100x100.webp",100,100,true]},"uagb_author_info":{"display_name":"victor_catanzaro@yahoo.com.br","author_link":"https:\/\/coleshop.com.br\/?author=0"},"uagb_comment_info":0,"uagb_excerpt":"Mega Charizard Y","_links":{"self":[{"href":"https:\/\/coleshop.com.br\/index.php?rest_route=\/wp\/v2\/product\/3842","targetHints":{"allow":["GET"]}}],"collection":[{"href":"https:\/\/coleshop.com.br\/index.php?rest_route=\/wp\/v2\/product"}],"about":[{"href":"https:\/\/coleshop.com.br\/index.php?rest_route=\/wp\/v2\/types\/product"}],"replies":[{"embeddable":true,"href":"https:\/\/coleshop.com.br\/index.php?rest_route=%2Fwp%2Fv2%2Fcomments&post=3842"}],"wp:featuredmedia":[{"embeddable":true,"href":"https:\/\/coleshop.com.br\/index.php?rest_route=\/wp\/v2\/media\/3955"}],"wp:attachment":[{"href":"https:\/\/coleshop.com.br\/index.php?rest_route=%2Fwp%2Fv2%2Fmedia&parent=3842"}],"wp:term":[{"taxonomy":"product_brand","embeddable":true,"href":"https:\/\/coleshop.com.br\/index.php?rest_route=%2Fwp%2Fv2%2Fproduct_brand&post=3842"},{"taxonomy":"product_cat","embeddable":true,"href":"https:\/\/coleshop.com.br\/index.php?rest_route=%2Fwp%2Fv2%2Fproduct_cat&post=3842"},{"taxonomy":"product_tag","embeddable":true,"href":"https:\/\/coleshop.com.br\/index.php?rest_route=%2Fwp%2Fv2%2Fproduct_tag&post=3842"}],"curies":[{"name":"wp","href":"https:\/\/api.w.org\/{rel}","templated":true}]}}