{"id":3959,"date":"2026-03-02T05:47:36","date_gmt":"2026-03-02T05:47:36","guid":{"rendered":"https:\/\/coleshop.com.br\/?post_type=product&#038;p=3959"},"modified":"2026-03-18T22:04:00","modified_gmt":"2026-03-18T22:04:00","slug":"box-treinador-avancado-me02-fogo-fantasmagorico","status":"publish","type":"product","link":"https:\/\/coleshop.com.br\/?product=box-treinador-avancado-me02-fogo-fantasmagorico","title":{"rendered":"BOX TREINADOR AVANCADO &#8211; ME02 &#8211; FOGO FANTASMAGORICO"},"content":{"rendered":"<p>Chamas azuis cauterizantes rasgam um campo escuro de batalha enquanto Mega Charizard X ex observa seus oponentes das alturas! Com um calafrio intenso desafiando o calor, a figura sombria de Mega Gengar ex emerge lentamente, e os dois Pok\u00e9mon se preparam para o combate. Dispostos a provar sua for\u00e7a, Mega Heracross ex, Mega Lopunny ex e muitos outros Pok\u00e9mon se alinham para dar tudo de si na expans\u00e3o Mega evolu\u00e7\u00e3o \u2014 Fogo Fantasmag\u00f3rico do Pok\u00e9mon Estampas Ilustradas! A Cole\u00e7\u00e3o Treinador Avan\u00e7ado de Mega evolu\u00e7\u00e3o \u2014 Fogo Fantasmag\u00f3rico do Pok\u00e9mon Estampas Ilustradas cont\u00e9m: &#8211; 20 pacotes de booster de Mega evolu\u00e7\u00e3o \u2014 Fogo Fantasmag\u00f3rico do Pok\u00e9mon Estampas Ilustradas! &#8211; 1 carta laminada promocional com arte expandida de Charcadet! &#8211; 65 capas para cartas! &#8211; 6 dados para usar como contadores de dano! &#8211; 1 dado para jogada de moeda v\u00e1lido para competi\u00e7\u00f5es! &#8211; 1 moeda de pl\u00e1stico! &#8211; 1 caixa de colecionador para guardar tudo! &#8211; 1 carta-c\u00f3digo para o Pok\u00e9mon Estampas Ilustradas Live! Idade recomendada: 14 anos ou mais Cada pacote de Booster cont\u00e9m 6 cartas Pok\u00e9mon TCG. Cada jogador deve ter um baralho de 60 cartas de Pok\u00e9mon TCG para jogar.<\/p>\n","protected":false},"excerpt":{"rendered":"<p>Fogo Fantasmag\u00f3rico<\/p>\n","protected":false},"featured_media":3960,"comment_status":"open","ping_status":"closed","template":"","meta":{"_uag_custom_page_level_css":"","_monsterinsights_skip_tracking":false,"_monsterinsights_sitenote_active":false,"_monsterinsights_sitenote_note":"","_monsterinsights_sitenote_category":0,"site-sidebar-layout":"default","site-content-layout":"","ast-site-content-layout":"default","site-content-style":"default","site-sidebar-style":"default","ast-global-header-display":"","ast-banner-title-visibility":"","ast-main-header-display":"","ast-hfb-above-header-display":"","ast-hfb-below-header-display":"","ast-hfb-mobile-header-display":"","site-post-title":"","ast-breadcrumbs-content":"","ast-featured-img":"","footer-sml-layout":"","ast-disable-related-posts":"","theme-transparent-header-meta":"default","adv-header-id-meta":"","stick-header-meta":"","header-above-stick-meta":"","header-main-stick-meta":"","header-below-stick-meta":"","astra-migrate-meta-layouts":"set","ast-page-background-enabled":"default","ast-page-background-meta":{"desktop":{"background-color":"","background-image":"","background-repeat":"repeat","background-position":"center center","background-size":"auto","background-attachment":"scroll","background-type":"","background-media":"","overlay-type":"","overlay-color":"","overlay-opacity":"","overlay-gradient":""},"tablet":{"background-color":"","background-image":"","background-repeat":"repeat","background-position":"center center","background-size":"auto","background-attachment":"scroll","background-type":"","background-media":"","overlay-type":"","overlay-color":"","overlay-opacity":"","overlay-gradient":""},"mobile":{"background-color":"","background-image":"","background-repeat":"repeat","background-position":"center center","background-size":"auto","background-attachment":"scroll","background-type":"","background-media":"","overlay-type":"","overlay-color":"","overlay-opacity":"","overlay-gradient":""}},"ast-content-background-meta":{"desktop":{"background-color":"var(--ast-global-color-5)","background-image":"","background-repeat":"repeat","background-position":"center center","background-size":"auto","background-attachment":"scroll","background-type":"","background-media":"","overlay-type":"","overlay-color":"","overlay-opacity":"","overlay-gradient":""},"tablet":{"background-color":"var(--ast-global-color-5)","background-image":"","background-repeat":"repeat","background-position":"center center","background-size":"auto","background-attachment":"scroll","background-type":"","background-media":"","overlay-type":"","overlay-color":"","overlay-opacity":"","overlay-gradient":""},"mobile":{"background-color":"var(--ast-global-color-5)","background-image":"","background-repeat":"repeat","background-position":"center center","background-size":"auto","background-attachment":"scroll","background-type":"","background-media":"","overlay-type":"","overlay-color":"","overlay-opacity":"","overlay-gradient":""}}},"product_brand":[34],"product_cat":[25,27,15,22],"product_tag":[],"class_list":{"0":"post-3959","1":"product","2":"type-product","3":"status-publish","4":"has-post-thumbnail","6":"product_brand-copag","7":"product_cat-blisters","8":"product_cat-box-colecao","9":"product_cat-novidades","10":"product_cat-pokemon","11":"desktop-align-left","12":"tablet-align-left","13":"mobile-align-left","15":"first","16":"instock","17":"shipping-taxable","18":"purchasable","19":"product-type-simple"},"aioseo_notices":[],"uagb_featured_image_src":{"full":["https:\/\/coleshop.com.br\/wp-content\/uploads\/2026\/03\/D_NQ_NP_2X_690386-MLA103120008093_122025-F.webp",1200,1200,false],"thumbnail":["https:\/\/coleshop.com.br\/wp-content\/uploads\/2026\/03\/D_NQ_NP_2X_690386-MLA103120008093_122025-F-150x150.webp",150,150,true],"medium":["https:\/\/coleshop.com.br\/wp-content\/uploads\/2026\/03\/D_NQ_NP_2X_690386-MLA103120008093_122025-F-300x300.webp",300,300,true],"medium_large":["https:\/\/coleshop.com.br\/wp-content\/uploads\/2026\/03\/D_NQ_NP_2X_690386-MLA103120008093_122025-F-768x768.webp",768,768,true],"large":["https:\/\/coleshop.com.br\/wp-content\/uploads\/2026\/03\/D_NQ_NP_2X_690386-MLA103120008093_122025-F-1024x1024.webp",1024,1024,true],"1536x1536":["https:\/\/coleshop.com.br\/wp-content\/uploads\/2026\/03\/D_NQ_NP_2X_690386-MLA103120008093_122025-F.webp",1200,1200,false],"2048x2048":["https:\/\/coleshop.com.br\/wp-content\/uploads\/2026\/03\/D_NQ_NP_2X_690386-MLA103120008093_122025-F.webp",1200,1200,false],"woocommerce_thumbnail":["https:\/\/coleshop.com.br\/wp-content\/uploads\/2026\/03\/D_NQ_NP_2X_690386-MLA103120008093_122025-F-300x300.webp",300,300,true],"woocommerce_single":["https:\/\/coleshop.com.br\/wp-content\/uploads\/2026\/03\/D_NQ_NP_2X_690386-MLA103120008093_122025-F-600x600.webp",600,600,true],"woocommerce_gallery_thumbnail":["https:\/\/coleshop.com.br\/wp-content\/uploads\/2026\/03\/D_NQ_NP_2X_690386-MLA103120008093_122025-F-100x100.webp",100,100,true]},"uagb_author_info":{"display_name":"victor_catanzaro@yahoo.com.br","author_link":"https:\/\/coleshop.com.br\/?author=0"},"uagb_comment_info":0,"uagb_excerpt":"Fogo Fantasmag\u00f3rico","_links":{"self":[{"href":"https:\/\/coleshop.com.br\/index.php?rest_route=\/wp\/v2\/product\/3959","targetHints":{"allow":["GET"]}}],"collection":[{"href":"https:\/\/coleshop.com.br\/index.php?rest_route=\/wp\/v2\/product"}],"about":[{"href":"https:\/\/coleshop.com.br\/index.php?rest_route=\/wp\/v2\/types\/product"}],"replies":[{"embeddable":true,"href":"https:\/\/coleshop.com.br\/index.php?rest_route=%2Fwp%2Fv2%2Fcomments&post=3959"}],"wp:featuredmedia":[{"embeddable":true,"href":"https:\/\/coleshop.com.br\/index.php?rest_route=\/wp\/v2\/media\/3960"}],"wp:attachment":[{"href":"https:\/\/coleshop.com.br\/index.php?rest_route=%2Fwp%2Fv2%2Fmedia&parent=3959"}],"wp:term":[{"taxonomy":"product_brand","embeddable":true,"href":"https:\/\/coleshop.com.br\/index.php?rest_route=%2Fwp%2Fv2%2Fproduct_brand&post=3959"},{"taxonomy":"product_cat","embeddable":true,"href":"https:\/\/coleshop.com.br\/index.php?rest_route=%2Fwp%2Fv2%2Fproduct_cat&post=3959"},{"taxonomy":"product_tag","embeddable":true,"href":"https:\/\/coleshop.com.br\/index.php?rest_route=%2Fwp%2Fv2%2Fproduct_tag&post=3959"}],"curies":[{"name":"wp","href":"https:\/\/api.w.org\/{rel}","templated":true}]}}